{"id":20,"date":"2024-03-20T22:18:10","date_gmt":"2024-03-20T22:18:10","guid":{"rendered":"https:\/\/hadelandnaturterapi.no\/?page_id=20"},"modified":"2024-03-21T11:07:55","modified_gmt":"2024-03-21T11:07:55","slug":"reiki","status":"publish","type":"page","link":"https:\/\/hadelandnaturterapi.no\/index.php\/reiki\/","title":{"rendered":"Reiki"},"content":{"rendered":"\n<p>Velkommen til Hadeland Naturterapi, et senter for helbredelse hvor du kan utforske helbredende muligheter gjennom Reiki, en kraftfull form for energihealing. V\u00e5re sertifiserte Reiki-terapeuter, utdannet til niv\u00e5 3, bringer omfattende erfaring og dybdekunnskap til hver behandling.<\/p>\n\n\n\n<p><strong>Hva er Reiki? Din Guide til Energihealing<\/strong><\/p>\n\n\n\n<p>Reiki healing arbeider for \u00e5 harmonisere kroppens energisystemer, fremme helbredelse p\u00e5 fysisk, emosjonell, og \u00e5ndelig niv\u00e5. Lisbeth, v\u00e5r ledende Reiki-mester, har omfattende oppl\u00e6ring og avanserte ferdigheter innen Reiki. Dette sikrer en dyptgripende helbredelsesopplevelse som er skreddersydd for hver enkelt klient.<\/p>\n\n\n\n<p><strong>Personlig Tilpasset Reiki Healing for Stressreduksjon og Helbredelse<\/strong><\/p>\n\n\n\n<p>Enten du s\u00f8ker lindring fra stress, \u00f8nsker \u00e5 forbedre din generelle helse, eller h\u00e5ndtere spesifikke fysiske eller emosjonelle utfordringer, tilpasser vi v\u00e5re Reiki-behandlinger for \u00e5 m\u00f8te dine unike behov og m\u00e5l. Reiki healing hos Hadeland Naturterapi er designet for \u00e5 gi en helhetlig tiln\u00e6rming til ditt velv\u00e6re.<\/p>\n\n\n\n<p><strong>Ta Skrittet mot Forbedret Velv\u00e6re med Reiki Healing<\/strong><\/p>\n\n\n\n<p>Opplev den transformative kraften av Reiki healing ved Hadeland Naturterapi og ta det f\u00f8rste skrittet mot forbedret velv\u00e6re i dag. V\u00e5rt engasjement for kvalitet og dyp forst\u00e5else av Reiki-praksis setter oss i stand til \u00e5 tilby en unik og helende opplevelse for alle v\u00e5re klienter.<\/p>\n\n\n\n<figure class=\"wp-block-image size-full\"><img fetchpriority=\"high\" decoding=\"async\" width=\"480\" height=\"640\" src=\"https:\/\/hadelandnaturterapi.no\/wp-content\/uploads\/2024\/03\/image0-1-rotated.webp\" alt=\"\" class=\"wp-image-84\" srcset=\"https:\/\/hadelandnaturterapi.no\/wp-content\/uploads\/2024\/03\/image0-1-rotated.webp 480w, https:\/\/hadelandnaturterapi.no\/wp-content\/uploads\/2024\/03\/image0-1-225x300.webp 225w, https:\/\/hadelandnaturterapi.no\/wp-content\/uploads\/2024\/03\/image0-1-45x60.webp 45w\" sizes=\"(max-width: 480px) 100vw, 480px\" \/><\/figure>\n","protected":false},"excerpt":{"rendered":"<p>Velkommen til Hadeland Naturterapi, et senter for helbredelse hvor du kan utforske helbredende muligheter gjennom Reiki, en kraftfull form for energihealing. V\u00e5re sertifiserte Reiki-terapeuter, utdannet til niv\u00e5 3, bringer omfattende &hellip; <\/p>\n","protected":false},"author":1,"featured_media":0,"parent":0,"menu_order":0,"comment_status":"closed","ping_status":"closed","template":"","meta":{"footnotes":""},"class_list":["post-20","page","type-page","status-publish","hentry"],"_links":{"self":[{"href":"https:\/\/hadelandnaturterapi.no\/index.php\/wp-json\/wp\/v2\/pages\/20","targetHints":{"allow":["GET"]}}],"collection":[{"href":"https:\/\/hadelandnaturterapi.no\/index.php\/wp-json\/wp\/v2\/pages"}],"about":[{"href":"https:\/\/hadelandnaturterapi.no\/index.php\/wp-json\/wp\/v2\/types\/page"}],"author":[{"embeddable":true,"href":"https:\/\/hadelandnaturterapi.no\/index.php\/wp-json\/wp\/v2\/users\/1"}],"replies":[{"embeddable":true,"href":"https:\/\/hadelandnaturterapi.no\/index.php\/wp-json\/wp\/v2\/comments?post=20"}],"version-history":[{"count":3,"href":"https:\/\/hadelandnaturterapi.no\/index.php\/wp-json\/wp\/v2\/pages\/20\/revisions"}],"predecessor-version":[{"id":86,"href":"https:\/\/hadelandnaturterapi.no\/index.php\/wp-json\/wp\/v2\/pages\/20\/revisions\/86"}],"wp:attachment":[{"href":"https:\/\/hadelandnaturterapi.no\/index.php\/wp-json\/wp\/v2\/media?parent=20"}],"curies":[{"name":"wp","href":"https:\/\/api.w.org\/{rel}","templated":true}]}}