{"id":22,"date":"2024-03-20T22:18:10","date_gmt":"2024-03-20T22:18:10","guid":{"rendered":"https:\/\/hadelandnaturterapi.no\/?page_id=22"},"modified":"2024-03-21T10:49:00","modified_gmt":"2024-03-21T10:49:00","slug":"hypnoterapi","status":"publish","type":"page","link":"https:\/\/hadelandnaturterapi.no\/index.php\/hypnoterapi\/","title":{"rendered":"Hypnoterapi"},"content":{"rendered":"\n<p>Utforsk mulighetene med hypnoseterapi ved Lisbeth Engerdalen, en engasjert terapeut under utdanning hos Norsk Institutt for Hypnoterapi og Klinisk Hypnose (NIHH). Med et \u00f8nske om \u00e5 utvide sin ekspertise, kombinerer Lisbeth sin 20-\u00e5rige erfaring innen massasje, ern\u00e6ring og Reiki med en ny lidenskap for hypnose. Som medlem av Norsk forbund for klinisk hypnose, en organisasjon godkjent av Helsedirektoratet, kan du v\u00e6re trygg p\u00e5 at du blir ivaretatt av en kvalifisert og dedikert profesjonell. Opplev en unik tiln\u00e6rming til personlig velv\u00e6re og positiv forandring hos Lisbeth Engerdalen. Velkommen til en reise mot dypere forst\u00e5else og indre transformasjon.<\/p>\n\n\n\n<h2 class=\"wp-block-heading\">Hva er Hypnoterapi?<\/h2>\n\n\n\n<p>Hypnoseterapi er en terapeutisk tiln\u00e6rming som bruker hypnose som verkt\u00f8y for \u00e5 hjelpe en person med \u00e5 n\u00e5 sine m\u00e5l, takle utfordringer eller endre u\u00f8nskede vaner og atferdsm\u00f8nstre. Under en hypnoseterapisesjon blir klienten guidet inn i en avslappet tilstand av bevissthet, kalt trance, hvor terapeuten kan kommunisere direkte med klientens underbevissthet.<\/p>\n\n\n\n<p>I denne tilstanden er klienten \u00e5pen for forslag og visualiseringer som kan hjelpe dem med \u00e5 endre tankem\u00f8nstre, f\u00f8lelser og atferd. Hypnoseterapi kan brukes til \u00e5 h\u00e5ndtere en rekke utfordringer, inkludert stress, angst, fobier, s\u00f8vnl\u00f8shet, vektkontroll, og avhengigheter.<\/p>\n\n\n\n<p>Det er viktig \u00e5 merke seg at under hypnoseterapi forblir klienten alltid bevisst og i kontroll over sine handlinger, og de kan ikke tvinges til \u00e5 gj\u00f8re noe de ikke vil. Terapeuten veileder dem gjennom prosessen og skaper et trygt og st\u00f8ttende milj\u00f8 for personlig vekst og helbredelse.<\/p>\n","protected":false},"excerpt":{"rendered":"<p>Utforsk mulighetene med hypnoseterapi ved Lisbeth Engerdalen, en engasjert terapeut under utdanning hos Norsk Institutt for Hypnoterapi og Klinisk Hypnose (NIHH). Med et \u00f8nske om \u00e5 utvide sin ekspertise, kombinerer &hellip; <\/p>\n","protected":false},"author":1,"featured_media":0,"parent":0,"menu_order":0,"comment_status":"closed","ping_status":"closed","template":"","meta":{"footnotes":""},"class_list":["post-22","page","type-page","status-publish","hentry"],"_links":{"self":[{"href":"https:\/\/hadelandnaturterapi.no\/index.php\/wp-json\/wp\/v2\/pages\/22","targetHints":{"allow":["GET"]}}],"collection":[{"href":"https:\/\/hadelandnaturterapi.no\/index.php\/wp-json\/wp\/v2\/pages"}],"about":[{"href":"https:\/\/hadelandnaturterapi.no\/index.php\/wp-json\/wp\/v2\/types\/page"}],"author":[{"embeddable":true,"href":"https:\/\/hadelandnaturterapi.no\/index.php\/wp-json\/wp\/v2\/users\/1"}],"replies":[{"embeddable":true,"href":"https:\/\/hadelandnaturterapi.no\/index.php\/wp-json\/wp\/v2\/comments?post=22"}],"version-history":[{"count":2,"href":"https:\/\/hadelandnaturterapi.no\/index.php\/wp-json\/wp\/v2\/pages\/22\/revisions"}],"predecessor-version":[{"id":70,"href":"https:\/\/hadelandnaturterapi.no\/index.php\/wp-json\/wp\/v2\/pages\/22\/revisions\/70"}],"wp:attachment":[{"href":"https:\/\/hadelandnaturterapi.no\/index.php\/wp-json\/wp\/v2\/media?parent=22"}],"curies":[{"name":"wp","href":"https:\/\/api.w.org\/{rel}","templated":true}]}}