{"id":23,"date":"2024-03-20T22:18:10","date_gmt":"2024-03-20T22:18:10","guid":{"rendered":"https:\/\/hadelandnaturterapi.no\/?page_id=23"},"modified":"2024-03-21T10:58:32","modified_gmt":"2024-03-21T10:58:32","slug":"naturmedisinsk-ernaering","status":"publish","type":"page","link":"https:\/\/hadelandnaturterapi.no\/index.php\/naturmedisinsk-ernaering\/","title":{"rendered":"Naturmedisinsk Ern\u00e6ring"},"content":{"rendered":"\n<p>Min tiln\u00e6rming til ern\u00e6ring fokuserer p\u00e5 kraften av naturlige matvarer for \u00e5 fremme helse og velv\u00e6re p\u00e5 en helhetlig m\u00e5te. Jeg legger vekt p\u00e5 \u00e5 bruke n\u00e6ringsrike ingredienser som st\u00f8tter kroppens naturlige helingsprosesser og fremmer vitalitet.<\/p>\n\n\n\n<p>Ved Hadeland Naturterapi tilbyr jeg en skreddersydd tiln\u00e6rming til ern\u00e6ring, som tar hensyn til individuelle faktorer som genetikk, livsstil og eventuelle helseutfordringer. Vi gir deg verkt\u00f8yene og kunnskapen du trenger for \u00e5 ta informerte valg om ditt kosthold og livsstil.<\/p>\n\n\n\n<p>Enten du s\u00f8ker \u00e5 forbedre din generelle helse, redusere risikoen for sykdom, eller h\u00e5ndtere spesifikke helsemessige bekymringer, er vi her for \u00e5 veilede deg p\u00e5 veien mot et sunnere og mer balansert liv.<\/p>\n\n\n\n<h2 class=\"wp-block-heading\">Oppdag blodtypedietten<\/h2>\n\n\n\n<p>Oppdag hvordan blodtypedietten kan revolusjonere ditt forhold til ern\u00e6ring og helse p\u00e5 Hadeland Naturterapi. Denne unike tiln\u00e6rmingen til kosthold tilpasser matvalget ditt etter din spesifikke blodtype, basert p\u00e5 ideen om at ulike blodtyper reagerer forskjellig p\u00e5 ulike matvarer.<\/p>\n\n\n\n<p>Gjennom min utforskning av blodtypedietten, tilbyr jeg omfattende veiledning og informasjon om hvordan du kan tilpasse kostholdet ditt for \u00e5 forbedre ford\u00f8yelsen, oppn\u00e5 optimal vekt og generell velv\u00e6re. Jeg gir vi deg verkt\u00f8yene du trenger for \u00e5 lykkes med din blodtypediett.<\/p>\n\n\n\n<figure class=\"wp-block-gallery has-nested-images columns-default is-cropped wp-block-gallery-1 is-layout-flex wp-block-gallery-is-layout-flex\">\n<figure class=\"wp-block-image size-large\"><img fetchpriority=\"high\" decoding=\"async\" width=\"640\" height=\"480\" data-id=\"80\" src=\"https:\/\/hadelandnaturterapi.no\/wp-content\/uploads\/2024\/03\/image9-1.webp\" alt=\"\" class=\"wp-image-80\" srcset=\"https:\/\/hadelandnaturterapi.no\/wp-content\/uploads\/2024\/03\/image9-1.webp 640w, https:\/\/hadelandnaturterapi.no\/wp-content\/uploads\/2024\/03\/image9-1-300x225.webp 300w, https:\/\/hadelandnaturterapi.no\/wp-content\/uploads\/2024\/03\/image9-1-80x60.webp 80w, https:\/\/hadelandnaturterapi.no\/wp-content\/uploads\/2024\/03\/image9-1-110x83.webp 110w\" sizes=\"(max-width: 640px) 100vw, 640px\" \/><\/figure>\n\n\n\n<figure class=\"wp-block-image size-large\"><img decoding=\"async\" width=\"640\" height=\"480\" data-id=\"79\" src=\"https:\/\/hadelandnaturterapi.no\/wp-content\/uploads\/2024\/03\/image7-1.webp\" alt=\"\" class=\"wp-image-79\" srcset=\"https:\/\/hadelandnaturterapi.no\/wp-content\/uploads\/2024\/03\/image7-1.webp 640w, https:\/\/hadelandnaturterapi.no\/wp-content\/uploads\/2024\/03\/image7-1-300x225.webp 300w, https:\/\/hadelandnaturterapi.no\/wp-content\/uploads\/2024\/03\/image7-1-80x60.webp 80w, https:\/\/hadelandnaturterapi.no\/wp-content\/uploads\/2024\/03\/image7-1-110x83.webp 110w\" sizes=\"(max-width: 640px) 100vw, 640px\" \/><\/figure>\n<\/figure>\n","protected":false},"excerpt":{"rendered":"<p>Min tiln\u00e6rming til ern\u00e6ring fokuserer p\u00e5 kraften av naturlige matvarer for \u00e5 fremme helse og velv\u00e6re p\u00e5 en helhetlig m\u00e5te. Jeg legger vekt p\u00e5 \u00e5 bruke n\u00e6ringsrike ingredienser som st\u00f8tter &hellip; <\/p>\n","protected":false},"author":1,"featured_media":0,"parent":0,"menu_order":0,"comment_status":"closed","ping_status":"closed","template":"","meta":{"footnotes":""},"class_list":["post-23","page","type-page","status-publish","hentry"],"_links":{"self":[{"href":"https:\/\/hadelandnaturterapi.no\/index.php\/wp-json\/wp\/v2\/pages\/23","targetHints":{"allow":["GET"]}}],"collection":[{"href":"https:\/\/hadelandnaturterapi.no\/index.php\/wp-json\/wp\/v2\/pages"}],"about":[{"href":"https:\/\/hadelandnaturterapi.no\/index.php\/wp-json\/wp\/v2\/types\/page"}],"author":[{"embeddable":true,"href":"https:\/\/hadelandnaturterapi.no\/index.php\/wp-json\/wp\/v2\/users\/1"}],"replies":[{"embeddable":true,"href":"https:\/\/hadelandnaturterapi.no\/index.php\/wp-json\/wp\/v2\/comments?post=23"}],"version-history":[{"count":2,"href":"https:\/\/hadelandnaturterapi.no\/index.php\/wp-json\/wp\/v2\/pages\/23\/revisions"}],"predecessor-version":[{"id":81,"href":"https:\/\/hadelandnaturterapi.no\/index.php\/wp-json\/wp\/v2\/pages\/23\/revisions\/81"}],"wp:attachment":[{"href":"https:\/\/hadelandnaturterapi.no\/index.php\/wp-json\/wp\/v2\/media?parent=23"}],"curies":[{"name":"wp","href":"https:\/\/api.w.org\/{rel}","templated":true}]}}